{"id":5,"date":"2017-02-10T08:45:58","date_gmt":"2017-02-10T07:45:58","guid":{"rendered":"http:\/\/drony.zcu.cz\/?page_id=5"},"modified":"2017-02-10T09:32:17","modified_gmt":"2017-02-10T08:32:17","slug":"certifikat","status":"publish","type":"page","link":"https:\/\/drony.zcu.cz\/index.php\/certifikat\/","title":{"rendered":"Certifik\u00e1t"},"content":{"rendered":"<p>Co je certifik\u00e1tov\u00e9 studium na Z\u010cU?<\/p>\n<p>Vzhledem k prostoru, kter\u00fd je ve studijn\u00edch programech vyhrazen v\u00fdb\u011brov\u00fdm p\u0159edm\u011bt\u016fm, jsou n\u011bkter\u00e9 v\u00fdb\u011brov\u00e9 p\u0159edm\u011bty sdru\u017eeny do tzv. certifik\u00e1tov\u00fdch program\u016f. Tyto programy p\u0159edstavuj\u00ed ucelen\u00e9 kurzy, jimi\u017e si m\u016f\u017ee student vhodn\u011b doplnit studium sv\u00e9ho z\u00e1kladn\u00edho oboru. Po absolvov\u00e1n\u00ed p\u0159edm\u011bt\u016f programu v p\u0159edepsan\u00e9 struktu\u0159e a po slo\u017een\u00ed z\u00e1v\u011bre\u010dn\u00e9 zkou\u0161ky (tam, kde je p\u0159edeps\u00e1na), z\u00edsk\u00e1 student nav\u00edc jako p\u0159\u00edlohu diplomu osv\u011bd\u010den\u00ed o absolvov\u00e1n\u00ed tohoto programu.<\/p>\n<p>Z\u00e1kladn\u00edm c\u00edlem certifik\u00e1tov\u00fdch program\u016f je vytvo\u0159en\u00ed strukturovan\u00e9 nab\u00eddky v\u00fdb\u011brov\u00fdch p\u0159edm\u011bt\u016f, jimi\u017e si studenti mohou roz\u0161i\u0159ovat studium sv\u00e9ho z\u00e1kladn\u00edho oboru. Odborn\u00e9 zam\u011b\u0159en\u00ed certifik\u00e1tov\u00e9ho programu proto nesm\u00ed b\u00fdt shodn\u00e9 s odborn\u00fdm zam\u011b\u0159en\u00edm z\u00e1kladn\u00edho studijn\u00edho oboru studenta. Tak\u017ee nap\u0159. student technicky zam\u011b\u0159en\u00e9ho studijn\u00edho programu m\u016f\u017ee doplnit sv\u00e9 vzd\u011bl\u00e1n\u00ed studiem certifik\u00e1tov\u00e9ho programu humanitn\u00edho sm\u011bru.<\/p>\n<p>P\u0159edm\u011bty, z nich\u017e je certifik\u00e1tov\u00fd program slo\u017een, si m\u016f\u017ee zapsat student kter\u00e9koliv fakulty, a to i jednotliv\u011b. Absolvuje-li student v\u0161echny p\u0159edm\u011bty ve struktu\u0159e, p\u0159edepsan\u00e9 studijn\u00edm pl\u00e1nem certifik\u00e1tov\u00e9ho programu, spln\u00ed podm\u00ednky pro p\u0159ipu\u0161t\u011bn\u00ed k z\u00e1v\u011bre\u010dn\u00e9 zkou\u0161ce (podle povahy programu je mo\u017en\u00e9, aby sou\u010d\u00e1st\u00ed z\u00e1v\u011bre\u010dn\u00e9 zkou\u0161ky bylo t\u00e9\u017e vypracov\u00e1n\u00ed samostatn\u00e9 pr\u00e1ce). Po absolvov\u00e1n\u00ed z\u00e1v\u011bre\u010dn\u00e9 zkou\u0161ky student z\u00edsk\u00e1 osv\u011bd\u010den\u00ed (certifik\u00e1t) jako p\u0159\u00edlohu k diplomu.<\/p>\n<p>Certifik\u00e1tov\u00fd program je tedy\u00a0dopln\u011bk standardn\u00edho studia a nelze jej studovat samostatn\u011b. V p\u0159\u00edpad\u011b z\u00e1jmu budeme uva\u017eovat o podobn\u00e9m kurzu v r\u00e1mci celo\u017eivotn\u00edho vzd\u011bl\u00e1v\u00e1n\u00ed, kter\u00e9 je\u00a0nez\u00e1visl\u00e9 na standardn\u00edm studiu.<\/p>\n<p>V\u00edce informac\u00ed o certifik\u00e1tov\u00fdch programech Z\u010cU lze nal\u00e9zt <a href=\"https:\/\/www.zcu.cz\/study\/studium-vyuka\/vyber_predmety.html\">zde<\/a>.<\/p>\n","protected":false},"excerpt":{"rendered":"<p>Co je certifik\u00e1tov\u00e9 studium na Z\u010cU? Vzhledem k prostoru, kter\u00fd je ve studijn\u00edch programech vyhrazen v\u00fdb\u011brov\u00fdm p\u0159edm\u011bt\u016fm, jsou n\u011bkter\u00e9 v\u00fdb\u011brov\u00e9 p\u0159edm\u011bty sdru\u017eeny do tzv. certifik\u00e1tov\u00fdch program\u016f. Tyto programy p\u0159edstavuj\u00ed ucelen\u00e9 kurzy, jimi\u017e si m\u016f\u017ee student vhodn\u011b doplnit studium sv\u00e9ho z\u00e1kladn\u00edho oboru. Po absolvov\u00e1n\u00ed p\u0159edm\u011bt\u016f programu v p\u0159edepsan\u00e9 struktu\u0159e a po slo\u017een\u00ed z\u00e1v\u011bre\u010dn\u00e9 zkou\u0161ky (tam, kde &hellip; <\/p>\n<p class=\"link-more\"><a href=\"https:\/\/drony.zcu.cz\/index.php\/certifikat\/\" class=\"more-link\">Pokra\u010dovat ve \u010dten\u00ed<span class=\"screen-reader-text\"> &#8222;Certifik\u00e1t&#8220;<\/span><\/a><\/p>\n","protected":false},"author":2,"featured_media":0,"parent":0,"menu_order":0,"comment_status":"closed","ping_status":"closed","template":"","meta":{"footnotes":""},"class_list":["post-5","page","type-page","status-publish","hentry"],"_links":{"self":[{"href":"https:\/\/drony.zcu.cz\/index.php\/wp-json\/wp\/v2\/pages\/5"}],"collection":[{"href":"https:\/\/drony.zcu.cz\/index.php\/wp-json\/wp\/v2\/pages"}],"about":[{"href":"https:\/\/drony.zcu.cz\/index.php\/wp-json\/wp\/v2\/types\/page"}],"author":[{"embeddable":true,"href":"https:\/\/drony.zcu.cz\/index.php\/wp-json\/wp\/v2\/users\/2"}],"replies":[{"embeddable":true,"href":"https:\/\/drony.zcu.cz\/index.php\/wp-json\/wp\/v2\/comments?post=5"}],"version-history":[{"count":2,"href":"https:\/\/drony.zcu.cz\/index.php\/wp-json\/wp\/v2\/pages\/5\/revisions"}],"predecessor-version":[{"id":18,"href":"https:\/\/drony.zcu.cz\/index.php\/wp-json\/wp\/v2\/pages\/5\/revisions\/18"}],"wp:attachment":[{"href":"https:\/\/drony.zcu.cz\/index.php\/wp-json\/wp\/v2\/media?parent=5"}],"curies":[{"name":"wp","href":"https:\/\/api.w.org\/{rel}","templated":true}]}}