{"id":21,"date":"2017-02-10T09:50:32","date_gmt":"2017-02-10T08:50:32","guid":{"rendered":"http:\/\/drony.zcu.cz\/?page_id=21"},"modified":"2017-02-10T12:09:59","modified_gmt":"2017-02-10T11:09:59","slug":"cil","status":"publish","type":"page","link":"https:\/\/drony.zcu.cz\/index.php\/cil\/","title":{"rendered":"C\u00edl"},"content":{"rendered":"<p><strong><u>C\u00edle programu:<\/u><\/strong><\/p>\n<p>Sezn\u00e1mit studenty s\u00a0technologiemi pou\u017e\u00edvan\u00fdmi p\u0159i n\u00e1vrhu, konstrukci, stavb\u011b, provozu, \u0159\u00edzen\u00ed a vyu\u017e\u00edv\u00e1n\u00ed bezpilotn\u00edch leteck\u00fdch prost\u0159edk\u016f, d\u00e1le s\u00a0nezbytnou legislativou.<\/p>\n<p>Program je koncipov\u00e1n tak, aby studenti z\u00edskali nezbytn\u00fd \u0161irok\u00fd p\u0159ehled obsa\u017een\u00fd v\u00a0povinn\u00fdch p\u0159ehledov\u00fdch p\u0159edm\u011btech jednotliv\u00fdch technick\u00fdch fakult a p\u0159edm\u011btu vyu\u010dovan\u00e9m pracovn\u00edky DRONETu (sou\u010d\u00e1st Spr\u00e1vy informa\u010dn\u00edch technologi\u00ed m\u011bsta Plzn\u011b, p\u0159\u00edsp\u011bvkov\u00e9 organizace). Tento p\u0159edm\u011bt obsahuje praktick\u00e9 informace souvisej\u00edc\u00ed se stavbou i provozem dron\u016f \u2013 legislativu i letovou praxi. D\u00e1le si studenti rozvinou tento \u0161irok\u00fd podklad pomoc\u00ed povinn\u011b voliteln\u00fdch p\u0159edm\u011bt\u016f. Po\u010det kredit\u016f ne navr\u017een tak, aby skladba zvolen\u00fdch povinn\u011b voliteln\u00fdch p\u0159edm\u011bt\u016f zahrnovala nejm\u00e9n\u011b 3\u00a0p\u0159edm\u011bty, a to bu\u010f minim\u00e1ln\u011b 2 v\u011bt\u0161\u00edho rozsahu, nebo v\u00edce p\u0159edm\u011bt\u016f men\u0161\u00edho rozsahu.<\/p>\n<p>V\u00a0souladu se z\u00e1sadou \u010d. 1 stanovenou ve sm\u011brnici 8R\/2000 je t\u0159eba vylou\u010dit p\u0159edm\u011bty ze studijn\u00edho pl\u00e1nu studenta, nicm\u00e9n\u011b tyt\u00e9\u017e p\u0159edm\u011bty mohou b\u00fdt v\u00fdznamn\u00fdm roz\u0161i\u0159uj\u00edc\u00edm prvkem pro studenty jin\u00fdch obor\u016f, p\u0159\u00edpadn\u011b fakult. Prim\u00e1rn\u011b je program ur\u010den pro studenty FAV, FEL a FST.<\/p>\n<p><u><\/u><strong><u>Zp\u016fsobilosti:<\/u><\/strong><\/p>\n<p>Studenti se sezn\u00e1m\u00ed s\u00a0platnou legislativou v oblasti bezpilotn\u00edho l\u00e9t\u00e1n\u00ed v\u00a0\u010cesk\u00e9 republice, tak, aby byli p\u0159ipraveni se pod\u00edlet na projektech nebo v\u00e9st projekty v\u00a0oblasti stavby nebo vyu\u017eit\u00ed bezpilotn\u00edch leteck\u00fdch prost\u0159edk\u016f.<\/p>\n<p>Studenti z\u00edskaj\u00ed pot\u0159ebn\u00e9 znalosti o konstrukci, vybaven\u00ed technologiemi pro pohon, komunikaci, senzory a p\u0159\u00eddavn\u00e1 za\u0159\u00edzen\u00ed. Studenti z\u00edskaj\u00ed znalosti o funk\u010dnosti bezpilotn\u00edch prost\u0159edk\u016f, zpracov\u00e1n\u00ed dat ze senzor\u016f, \u0159\u00edzen\u00ed bezpilotn\u00edho prost\u0159edku na d\u00e1lku i mo\u017enostech autonomn\u00edho \u0159\u00edzen\u00ed, mo\u017enostech r\u016fzn\u00fdch typ\u016f p\u0159\u00eddavn\u00fdch za\u0159\u00edzen\u00ed, nap\u0159. pro leteck\u00e9 sn\u00edmkov\u00e1n\u00ed apod.<\/p>\n<p>Studenti z\u00edskaj\u00ed znalosti a projdou praktickou p\u0159\u00edpravou v\u00a0pou\u017eit\u00ed a ovl\u00e1d\u00e1n\u00ed bezpilotn\u00edch prost\u0159edk\u016f, tak, aby byli schopni prov\u00e9st p\u0159edletovou p\u0159\u00edpravu a realizovat let bezpilotn\u00edm leteck\u00fdm prost\u0159edkem.<\/p>\n","protected":false},"excerpt":{"rendered":"<p>C\u00edle programu: Sezn\u00e1mit studenty s\u00a0technologiemi pou\u017e\u00edvan\u00fdmi p\u0159i n\u00e1vrhu, konstrukci, stavb\u011b, provozu, \u0159\u00edzen\u00ed a vyu\u017e\u00edv\u00e1n\u00ed bezpilotn\u00edch leteck\u00fdch prost\u0159edk\u016f, d\u00e1le s\u00a0nezbytnou legislativou. Program je koncipov\u00e1n tak, aby studenti z\u00edskali nezbytn\u00fd \u0161irok\u00fd p\u0159ehled obsa\u017een\u00fd v\u00a0povinn\u00fdch p\u0159ehledov\u00fdch p\u0159edm\u011btech jednotliv\u00fdch technick\u00fdch fakult a p\u0159edm\u011btu vyu\u010dovan\u00e9m pracovn\u00edky DRONETu (sou\u010d\u00e1st Spr\u00e1vy informa\u010dn\u00edch technologi\u00ed m\u011bsta Plzn\u011b, p\u0159\u00edsp\u011bvkov\u00e9 organizace). Tento p\u0159edm\u011bt obsahuje praktick\u00e9 informace &hellip; <\/p>\n<p class=\"link-more\"><a href=\"https:\/\/drony.zcu.cz\/index.php\/cil\/\" class=\"more-link\">Pokra\u010dovat ve \u010dten\u00ed<span class=\"screen-reader-text\"> &#8222;C\u00edl&#8220;<\/span><\/a><\/p>\n","protected":false},"author":2,"featured_media":0,"parent":0,"menu_order":0,"comment_status":"closed","ping_status":"closed","template":"","meta":{"footnotes":""},"class_list":["post-21","page","type-page","status-publish","hentry"],"_links":{"self":[{"href":"https:\/\/drony.zcu.cz\/index.php\/wp-json\/wp\/v2\/pages\/21"}],"collection":[{"href":"https:\/\/drony.zcu.cz\/index.php\/wp-json\/wp\/v2\/pages"}],"about":[{"href":"https:\/\/drony.zcu.cz\/index.php\/wp-json\/wp\/v2\/types\/page"}],"author":[{"embeddable":true,"href":"https:\/\/drony.zcu.cz\/index.php\/wp-json\/wp\/v2\/users\/2"}],"replies":[{"embeddable":true,"href":"https:\/\/drony.zcu.cz\/index.php\/wp-json\/wp\/v2\/comments?post=21"}],"version-history":[{"count":4,"href":"https:\/\/drony.zcu.cz\/index.php\/wp-json\/wp\/v2\/pages\/21\/revisions"}],"predecessor-version":[{"id":78,"href":"https:\/\/drony.zcu.cz\/index.php\/wp-json\/wp\/v2\/pages\/21\/revisions\/78"}],"wp:attachment":[{"href":"https:\/\/drony.zcu.cz\/index.php\/wp-json\/wp\/v2\/media?parent=21"}],"curies":[{"name":"wp","href":"https:\/\/api.w.org\/{rel}","templated":true}]}}