{"id":13,"date":"2017-02-10T08:50:22","date_gmt":"2017-02-10T07:50:22","guid":{"rendered":"http:\/\/drony.zcu.cz\/?page_id=13"},"modified":"2017-04-24T12:55:25","modified_gmt":"2017-04-24T10:55:25","slug":"predmety","status":"publish","type":"page","link":"https:\/\/drony.zcu.cz\/index.php\/predmety\/","title":{"rendered":"P\u0159edm\u011bty"},"content":{"rendered":"<p>Seznam p\u0159edm\u011bt\u016f certifik\u00e1tov\u00e9ho programu Technologie pro bezpilotn\u00ed l\u00e9t\u00e1n\u00ed:<\/p>\n<p><strong>Povinn\u00e9:<\/strong><\/p>\n\n<table id=\"tablepress-1\" class=\"tablepress tablepress-id-1\">\n<thead>\n<tr class=\"row-1 odd\">\n\t<th class=\"column-1\">Zkratka<\/th><th class=\"column-2\">N\u00e1zev<\/th><th class=\"column-3\">Po\u010det kredit\u016f<\/th><th class=\"column-4\">Rozsah v\u00fduky t\u00fddn\u011b<br \/>\nP\u0159 - Cv - Sem<\/th><th class=\"column-5\">Zakon\u010den\u00ed<\/th><th class=\"column-6\">Semestr<\/th><th class=\"column-7\">Doporu\u010den\u00fd ro\u010dn\u00edk<\/th>\n<\/tr>\n<\/thead>\n<tbody class=\"row-hover\">\n<tr class=\"row-2 even\">\n\t<td class=\"column-1\">KKY\/TPB<\/td><td class=\"column-2\">Teorie a praxe bezpilotn\u00edho l\u00e9t\u00e1n\u00ed<\/td><td class=\"column-3\">2<\/td><td class=\"column-4\">0-0-2<\/td><td class=\"column-5\">Zk<\/td><td class=\"column-6\">L<\/td><td class=\"column-7\">2 \u2013 bak.<\/td>\n<\/tr>\n<tr class=\"row-3 odd\">\n\t<td class=\"column-1\">KKY\/RVB<\/td><td class=\"column-2\">\u0158\u00edzen\u00ed a vyu\u017eit\u00ed bezpilotn\u00edch leteck\u00fdch prost\u0159edk\u016f<\/td><td class=\"column-3\">3<\/td><td class=\"column-4\">3-0-0<\/td><td class=\"column-5\">Zk<\/td><td class=\"column-6\">L<\/td><td class=\"column-7\">3 \u2013 bak.<\/td>\n<\/tr>\n<tr class=\"row-4 even\">\n\t<td class=\"column-1\">KKS\/ZDMT<\/td><td class=\"column-2\">Z\u00e1klady stavby dopravn\u00ed a manipula\u010dn\u00ed techniky<\/td><td class=\"column-3\">4<\/td><td class=\"column-4\">2-2-0<\/td><td class=\"column-5\">Zk<\/td><td class=\"column-6\">Z<\/td><td class=\"column-7\">3 \u2013 bak.<\/td>\n<\/tr>\n<tr class=\"row-5 odd\">\n\t<td class=\"column-1\">KAE\/ESBL<\/td><td class=\"column-2\">Elektronick\u00e9 syst\u00e9my pro bezpilotn\u00ed l\u00e9t\u00e1n\u00ed<\/td><td class=\"column-3\">5<\/td><td class=\"column-4\">3-1-0<\/td><td class=\"column-5\">Zk<\/td><td class=\"column-6\">Z<\/td><td class=\"column-7\">3 \u2013 bak.<\/td>\n<\/tr>\n<tr class=\"row-6 even\">\n\t<td class=\"column-1\">KKY\/ZSB<\/td><td class=\"column-2\">Z\u00e1v\u011bre\u010dn\u00e1 zkou\u0161ka \u2013 technologie pro bezpilotn\u00ed l\u00e9t\u00e1n\u00ed<\/td><td class=\"column-3\">0<\/td><td class=\"column-4\">0-0-0<\/td><td class=\"column-5\">Zk<\/td><td class=\"column-6\">Z\/L<\/td><td class=\"column-7\"><\/td>\n<\/tr>\n<\/tbody>\n<\/table>\n<!-- #tablepress-1 from cache -->\n<p><strong><br \/>\nKredity:<\/strong>\u00a0\u00a0\u00a0\u00a0\u00a0\u00a0\u00a0\u00a0\u00a0 \u00a0\u00a0\u00a0\u00a0\u00a0\u00a0\u00a0\u00a0\u00a0\u00a0\u00a0 celkem 14 z povinn\u00fdch p\u0159edm\u011bt\u016f.<\/p>\n<p><strong>Povinn\u011b voliteln\u00e9:<\/strong><\/p>\n\n<table id=\"tablepress-2\" class=\"tablepress tablepress-id-2\">\n<thead>\n<tr class=\"row-1 odd\">\n\t<th class=\"column-1\">Zkratka<\/th><th class=\"column-2\">N\u00e1zev<\/th><th class=\"column-3\">Po\u010det kredit\u016f<\/th><th class=\"column-4\">Rozsah v\u00fduky t\u00fddn\u011b<br \/>\nP\u0159 - Cv - Sem<\/th><th class=\"column-5\">Zakon\u010den\u00ed<\/th><th class=\"column-6\">Semestr<\/th><th class=\"column-7\">Doporu\u010den\u00fd ro\u010dn\u00edk<\/th>\n<\/tr>\n<\/thead>\n<tbody class=\"row-hover\">\n<tr class=\"row-2 even\">\n\t<td class=\"column-1\">KKY\/MATL<\/td><td class=\"column-2\">Matlab<\/td><td class=\"column-3\">2<\/td><td class=\"column-4\">0-2-0<\/td><td class=\"column-5\">Zk<\/td><td class=\"column-6\">L<\/td><td class=\"column-7\">1 \u2013 bak.<\/td>\n<\/tr>\n<tr class=\"row-3 odd\">\n\t<td class=\"column-1\">KKY\/SM<\/td><td class=\"column-2\">Syst\u00e9my a modely<\/td><td class=\"column-3\">4<\/td><td class=\"column-4\">2-2-0<\/td><td class=\"column-5\">Zk<\/td><td class=\"column-6\">L<\/td><td class=\"column-7\">2 \u2013 bak.<\/td>\n<\/tr>\n<tr class=\"row-4 even\">\n\t<td class=\"column-1\">KKY\/N\u0158S<\/td><td class=\"column-2\">N\u00e1vrh \u0159\u00eddic\u00edch syst\u00e9m\u016f<\/td><td class=\"column-3\">6<\/td><td class=\"column-4\">3-2-0<\/td><td class=\"column-5\">Zk<\/td><td class=\"column-6\">L<\/td><td class=\"column-7\">3 \u2013 bak.<\/td>\n<\/tr>\n<tr class=\"row-5 odd\">\n\t<td class=\"column-1\">KKY\/PFV<\/td><td class=\"column-2\">P\u0159evodn\u00edky fyzik\u00e1ln\u00edch veli\u010din<\/td><td class=\"column-3\">6<\/td><td class=\"column-4\">3-2-0<\/td><td class=\"column-5\">Zk<\/td><td class=\"column-6\">Z\/L<\/td><td class=\"column-7\">1 \u2013 nav.<\/td>\n<\/tr>\n<tr class=\"row-6 even\">\n\t<td class=\"column-1\">KKY\/ZSI<\/td><td class=\"column-2\">Zpracov\u00e1n\u00ed sign\u00e1lu<\/td><td class=\"column-3\">6<\/td><td class=\"column-4\">3-2-0<\/td><td class=\"column-5\">Zk<\/td><td class=\"column-6\">L<\/td><td class=\"column-7\">1 \u2013 nav.<\/td>\n<\/tr>\n<tr class=\"row-7 odd\">\n\t<td class=\"column-1\">KKY\/TP\u0158<\/td><td class=\"column-2\">Technick\u00e9 prost\u0159edky \u0159\u00edzen\u00ed<\/td><td class=\"column-3\">6<\/td><td class=\"column-4\">3-2-0<\/td><td class=\"column-5\">Zk<\/td><td class=\"column-6\">Z<\/td><td class=\"column-7\">2 \u2013 bak.<\/td>\n<\/tr>\n<tr class=\"row-8 even\">\n\t<td class=\"column-1\">KKY\/PRX<\/td><td class=\"column-2\">Prvky a regul\u00e1tory<\/td><td class=\"column-3\">6<\/td><td class=\"column-4\">3-2-0<\/td><td class=\"column-5\">Zk<\/td><td class=\"column-6\">Z<\/td><td class=\"column-7\">3 \u2013 bak.<\/td>\n<\/tr>\n<tr class=\"row-9 odd\">\n\t<td class=\"column-1\">KKY\/ZDO<\/td><td class=\"column-2\">Zpracov\u00e1n\u00ed digitalizovan\u00e9ho obrazu<\/td><td class=\"column-3\">6<\/td><td class=\"column-4\">3-2-0<\/td><td class=\"column-5\">Zk<\/td><td class=\"column-6\">L<\/td><td class=\"column-7\">1 \u2013 nav.<\/td>\n<\/tr>\n<tr class=\"row-10 even\">\n\t<td class=\"column-1\">KKY\/ZSUR<\/td><td class=\"column-2\">Z\u00e1klady strojov\u00e9ho u\u010den\u00ed a rozpozn\u00e1v\u00e1n\u00ed<\/td><td class=\"column-3\">6<\/td><td class=\"column-4\">3-2-0<\/td><td class=\"column-5\">Zk<\/td><td class=\"column-6\">Z<\/td><td class=\"column-7\">2 \u2013 bak.<\/td>\n<\/tr>\n<tr class=\"row-11 odd\">\n\t<td class=\"column-1\">KKY\/TOD<\/td><td class=\"column-2\">Teorie odhadu a zpracov\u00e1n\u00ed sign\u00e1l\u016f<\/td><td class=\"column-3\">6<\/td><td class=\"column-4\">3-2-0<\/td><td class=\"column-5\">Zk<\/td><td class=\"column-6\">Z<\/td><td class=\"column-7\">1 \u2013 nav.<\/td>\n<\/tr>\n<tr class=\"row-12 even\">\n\t<td class=\"column-1\">KKY\/ISF<\/td><td class=\"column-2\">Identifikace syst\u00e9m\u016f a filtrace<\/td><td class=\"column-3\">6<\/td><td class=\"column-4\">3-2-0<\/td><td class=\"column-5\">Zk<\/td><td class=\"column-6\">Z<\/td><td class=\"column-7\">1 \u2013 nav.<\/td>\n<\/tr>\n<tr class=\"row-13 odd\">\n\t<td class=\"column-1\">KGM\/FGM<\/td><td class=\"column-2\">Fotogrammetrie<\/td><td class=\"column-3\">5<\/td><td class=\"column-4\">2-2-0<\/td><td class=\"column-5\">Zk<\/td><td class=\"column-6\">L<\/td><td class=\"column-7\">3 \u2013 bak.<\/td>\n<\/tr>\n<tr class=\"row-14 even\">\n\t<td class=\"column-1\">KGM\/GKMZD<\/td><td class=\"column-2\">Kartografick\u00e9 metody zpracov\u00e1n\u00ed geodat<\/td><td class=\"column-3\">4<\/td><td class=\"column-4\">2-1-0<\/td><td class=\"column-5\">Zk<\/td><td class=\"column-6\">Z\/L<\/td><td class=\"column-7\">2 \u2013 bak.<\/td>\n<\/tr>\n<tr class=\"row-15 odd\">\n\t<td class=\"column-1\">KGM\/POK<\/td><td class=\"column-2\">Po\u010d\u00edta\u010dov\u00e1 kartografie<\/td><td class=\"column-3\">3<\/td><td class=\"column-4\">1-2-0<\/td><td class=\"column-5\">Zk<\/td><td class=\"column-6\">Z<\/td><td class=\"column-7\">2 \u2013 nav.<\/td>\n<\/tr>\n<tr class=\"row-16 even\">\n\t<td class=\"column-1\">KGM\/UGI<\/td><td class=\"column-2\">\u00davod do GIS<\/td><td class=\"column-3\">4<\/td><td class=\"column-4\">1-3-0<\/td><td class=\"column-5\">Zk<\/td><td class=\"column-6\">L<\/td><td class=\"column-7\">2 \u2013 bak.<br \/>\n<\/td>\n<\/tr>\n<tr class=\"row-17 odd\">\n\t<td class=\"column-1\">KKS\/MKS<\/td><td class=\"column-2\">Mechatronika v konstrukci stroj\u016f<\/td><td class=\"column-3\">5<\/td><td class=\"column-4\">2-2-0<\/td><td class=\"column-5\">Zk<\/td><td class=\"column-6\">Z<\/td><td class=\"column-7\">2 \u2013 nav.<\/td>\n<\/tr>\n<tr class=\"row-18 even\">\n\t<td class=\"column-1\">KKS\/ZRO<\/td><td class=\"column-2\">Z\u00e1klady robotiky<\/td><td class=\"column-3\">4<\/td><td class=\"column-4\">2-2-0<\/td><td class=\"column-5\">Zk<\/td><td class=\"column-6\">L<\/td><td class=\"column-7\">2 \u2013 nav.<\/td>\n<\/tr>\n<tr class=\"row-19 odd\">\n\t<td class=\"column-1\">KMM\/MDMT<\/td><td class=\"column-2\">Materi\u00e1ly pro dopravn\u00ed a manipula\u010dn\u00ed techniku<\/td><td class=\"column-3\">5<\/td><td class=\"column-4\">3-1-0<\/td><td class=\"column-5\">Zk<\/td><td class=\"column-6\">Z<\/td><td class=\"column-7\">1 \u2013 nav.<\/td>\n<\/tr>\n<tr class=\"row-20 even\">\n\t<td class=\"column-1\">KPV\/DPVR<\/td><td class=\"column-2\">Digit\u00e1lni podnik a virtu\u00e1ln\u00ed realita<\/td><td class=\"column-3\">4<\/td><td class=\"column-4\">2-2-0<\/td><td class=\"column-5\">Zk<\/td><td class=\"column-6\">Z<\/td><td class=\"column-7\">2 \u2013 nav.<\/td>\n<\/tr>\n<tr class=\"row-21 odd\">\n\t<td class=\"column-1\">KAE\/ NSA<\/td><td class=\"column-2\">Nap\u00e1jec\u00ed syst\u00e9my a zdroje automobil\u016f<\/td><td class=\"column-3\">4<\/td><td class=\"column-4\">2-2-0<\/td><td class=\"column-5\">Zk<\/td><td class=\"column-6\">Z<\/td><td class=\"column-7\">2 \u2013 nav.<\/td>\n<\/tr>\n<tr class=\"row-22 even\">\n\t<td class=\"column-1\">KAE\/TVR<\/td><td class=\"column-2\">Televizn\u00ed a rozhlasov\u00e1 technika<\/td><td class=\"column-3\">3<\/td><td class=\"column-4\">1-2-0<\/td><td class=\"column-5\">Z<\/td><td class=\"column-6\">Z<\/td><td class=\"column-7\">2 \u2013 nav.<\/td>\n<\/tr>\n<tr class=\"row-23 odd\">\n\t<td class=\"column-1\">KAE\/NKS<\/td><td class=\"column-2\">Naviga\u010dn\u00ed a komunika\u010dn\u00ed syst\u00e9my v dopravn\u00edch prost\u0159edc\u00edch<\/td><td class=\"column-3\">4<\/td><td class=\"column-4\">2-2-0<\/td><td class=\"column-5\">Zk<\/td><td class=\"column-6\">L<\/td><td class=\"column-7\">2 \u2013 nav.<\/td>\n<\/tr>\n<tr class=\"row-24 even\">\n\t<td class=\"column-1\">KAE\/RUP<\/td><td class=\"column-2\">Radiov\u00e9 ur\u010dov\u00e1n\u00ed polohy<\/td><td class=\"column-3\">1<\/td><td class=\"column-4\">0-0-1<\/td><td class=\"column-5\">Z<\/td><td class=\"column-6\">L<\/td><td class=\"column-7\">2 \u2013 nav.<\/td>\n<\/tr>\n<tr class=\"row-25 odd\">\n\t<td class=\"column-1\">KAE\/RAS<\/td><td class=\"column-2\">Radioelektronick\u00e9 syst\u00e9my<\/td><td class=\"column-3\">4<\/td><td class=\"column-4\">2-2-0<\/td><td class=\"column-5\">Zk<\/td><td class=\"column-6\">L<\/td><td class=\"column-7\">2 \u2013 nav.<\/td>\n<\/tr>\n<tr class=\"row-26 even\">\n\t<td class=\"column-1\">KET\/EMAP nebo KET\/ETM<\/td><td class=\"column-2\">Elektrotechnick\u00e9 materi\u00e1ly<\/td><td class=\"column-3\">4<\/td><td class=\"column-4\">3-1-0<\/td><td class=\"column-5\">Zk<\/td><td class=\"column-6\">Z\/L<\/td><td class=\"column-7\">1 \u2013 nav.<\/td>\n<\/tr>\n<tr class=\"row-27 odd\">\n\t<td class=\"column-1\">KET\/SEZ<\/td><td class=\"column-2\">Spolehlivost elektrick\u00fdch za\u0159\u00edzen\u00ed<\/td><td class=\"column-3\">4<\/td><td class=\"column-4\">2-2-0<\/td><td class=\"column-5\">Zk<\/td><td class=\"column-6\">Z<\/td><td class=\"column-7\">1 \u2013 nav.<\/td>\n<\/tr>\n<tr class=\"row-28 even\">\n\t<td class=\"column-1\">KET\/FE<\/td><td class=\"column-2\">Fyzik\u00e1ln\u00ed elektronika<\/td><td class=\"column-3\">4<\/td><td class=\"column-4\">2-2-0<\/td><td class=\"column-5\">Zk<\/td><td class=\"column-6\">Z<\/td><td class=\"column-7\">1 \u2013 nav.<\/td>\n<\/tr>\n<tr class=\"row-29 odd\">\n\t<td class=\"column-1\">KET\/NELZ<\/td><td class=\"column-2\">Navrhov\u00e1n\u00ed elektronick\u00fdch za\u0159\u00edzen\u00ed<\/td><td class=\"column-3\">3<\/td><td class=\"column-4\">2-1-0<\/td><td class=\"column-5\">Zk<\/td><td class=\"column-6\">Z<\/td><td class=\"column-7\">2 \u2013 nav.<\/td>\n<\/tr>\n<tr class=\"row-30 even\">\n\t<td class=\"column-1\">KET\/MF\u017dP<\/td><td class=\"column-2\">M\u011b\u0159en\u00ed slo\u017eek \u017eivotn\u00edho prost\u0159ed\u00ed<\/td><td class=\"column-3\">4<\/td><td class=\"column-4\">2-2-0<\/td><td class=\"column-5\">Zk<\/td><td class=\"column-6\">Z<\/td><td class=\"column-7\">2 \u2013 nav.<\/td>\n<\/tr>\n<tr class=\"row-31 odd\">\n\t<td class=\"column-1\">KAE\/RAD<\/td><td class=\"column-2\">Radiotechnika<\/td><td class=\"column-3\">6<\/td><td class=\"column-4\">3-2-0<\/td><td class=\"column-5\">Zk<\/td><td class=\"column-6\">Z<\/td><td class=\"column-7\">2 \u2013 nav.<\/td>\n<\/tr>\n<tr class=\"row-32 even\">\n\t<td class=\"column-1\"><\/td><td class=\"column-2\"><\/td><td class=\"column-3\"><\/td><td class=\"column-4\"><\/td><td class=\"column-5\"><\/td><td class=\"column-6\"><\/td><td class=\"column-7\"><\/td>\n<\/tr>\n<\/tbody>\n<\/table>\n<!-- #tablepress-2 from cache -->\n<p><strong>Kredity:<\/strong>\u00a0\u00a0\u00a0\u00a0\u00a0\u00a0\u00a0\u00a0\u00a0 \u00a0\u00a0\u00a0\u00a0\u00a0\u00a0\u00a0\u00a0\u00a0\u00a0\u00a0 celkem 13 z povinn\u00fdch p\u0159edm\u011bt\u016f.<\/p>\n<p>___<br \/>\nPozn.: Do povinn\u011b voliteln\u00fdch p\u0159edm\u011bt\u016f certifik\u00e1tov\u00e9ho programu nelze zahrnout p\u0159edm\u011bty, kter\u00e9 m\u00e1 student jako povinn\u00e9 nebo povinn\u011b voliteln\u00e9 ve studijn\u00edm pl\u00e1nu hlavn\u00edho studia, ke kter\u00e9mu certifik\u00e1tov\u00fd program skl\u00e1d\u00e1 nebo p\u0159edchoz\u00edho \u00fasp\u011b\u0161n\u011b ukon\u010den\u00e9ho bakal\u00e1\u0159sk\u00e9ho studia, na kter\u00e9 toto hlavn\u00ed studium navazuje.<\/p>\n<p><strong>Kredity celkem:<\/strong>\u00a0\u00a0\u00a0\u00a0\u00a0\u00a0\u00a0\u00a0 27<\/p>\n<p>&nbsp;<\/p>\n","protected":false},"excerpt":{"rendered":"<p>Seznam p\u0159edm\u011bt\u016f certifik\u00e1tov\u00e9ho programu Technologie pro bezpilotn\u00ed l\u00e9t\u00e1n\u00ed: Povinn\u00e9: Kredity:\u00a0\u00a0\u00a0\u00a0\u00a0\u00a0\u00a0\u00a0\u00a0 \u00a0\u00a0\u00a0\u00a0\u00a0\u00a0\u00a0\u00a0\u00a0\u00a0\u00a0 celkem 14 z povinn\u00fdch p\u0159edm\u011bt\u016f. Povinn\u011b voliteln\u00e9: Kredity:\u00a0\u00a0\u00a0\u00a0\u00a0\u00a0\u00a0\u00a0\u00a0 \u00a0\u00a0\u00a0\u00a0\u00a0\u00a0\u00a0\u00a0\u00a0\u00a0\u00a0 celkem 13 z povinn\u00fdch p\u0159edm\u011bt\u016f. ___ Pozn.: Do povinn\u011b voliteln\u00fdch p\u0159edm\u011bt\u016f certifik\u00e1tov\u00e9ho programu nelze zahrnout p\u0159edm\u011bty, kter\u00e9 m\u00e1 student jako povinn\u00e9 nebo povinn\u011b voliteln\u00e9 ve studijn\u00edm pl\u00e1nu hlavn\u00edho studia, ke kter\u00e9mu certifik\u00e1tov\u00fd program skl\u00e1d\u00e1 nebo &hellip; <\/p>\n<p class=\"link-more\"><a href=\"https:\/\/drony.zcu.cz\/index.php\/predmety\/\" class=\"more-link\">Pokra\u010dovat ve \u010dten\u00ed<span class=\"screen-reader-text\"> &#8222;P\u0159edm\u011bty&#8220;<\/span><\/a><\/p>\n","protected":false},"author":2,"featured_media":0,"parent":0,"menu_order":0,"comment_status":"closed","ping_status":"closed","template":"","meta":{"footnotes":""},"class_list":["post-13","page","type-page","status-publish","hentry"],"_links":{"self":[{"href":"https:\/\/drony.zcu.cz\/index.php\/wp-json\/wp\/v2\/pages\/13"}],"collection":[{"href":"https:\/\/drony.zcu.cz\/index.php\/wp-json\/wp\/v2\/pages"}],"about":[{"href":"https:\/\/drony.zcu.cz\/index.php\/wp-json\/wp\/v2\/types\/page"}],"author":[{"embeddable":true,"href":"https:\/\/drony.zcu.cz\/index.php\/wp-json\/wp\/v2\/users\/2"}],"replies":[{"embeddable":true,"href":"https:\/\/drony.zcu.cz\/index.php\/wp-json\/wp\/v2\/comments?post=13"}],"version-history":[{"count":6,"href":"https:\/\/drony.zcu.cz\/index.php\/wp-json\/wp\/v2\/pages\/13\/revisions"}],"predecessor-version":[{"id":66,"href":"https:\/\/drony.zcu.cz\/index.php\/wp-json\/wp\/v2\/pages\/13\/revisions\/66"}],"wp:attachment":[{"href":"https:\/\/drony.zcu.cz\/index.php\/wp-json\/wp\/v2\/media?parent=13"}],"curies":[{"name":"wp","href":"https:\/\/api.w.org\/{rel}","templated":true}]}}