{"id":11,"date":"2017-02-10T08:49:58","date_gmt":"2017-02-10T07:49:58","guid":{"rendered":"http:\/\/drony.zcu.cz\/?page_id=11"},"modified":"2017-02-10T12:09:33","modified_gmt":"2017-02-10T11:09:33","slug":"podminky","status":"publish","type":"page","link":"https:\/\/drony.zcu.cz\/index.php\/podminky\/","title":{"rendered":"Podm\u00ednky"},"content":{"rendered":"<p><strong><u>Po\u017eadavky na studenta:<\/u><\/strong><\/p>\n<p>\u00dasp\u011b\u0161n\u011b absolvovat v\u0161echny povinn\u00e9 p\u0159edm\u011bty a p\u0159edepsan\u00fd po\u010det kredit\u016f z\u00a0p\u0159edm\u011bt\u016f povinn\u011b voliteln\u00fdch. Do voliteln\u00fdch p\u0159edm\u011bt\u016f certifik\u00e1tov\u00e9ho programu nelze zahrnout p\u0159edm\u011bty, kter\u00e9 m\u00e1 student jako povinn\u00e9 nebo povinn\u011b voliteln\u00e9 ve studijn\u00edm pl\u00e1nu hlavn\u00edho studia, ke kter\u00e9mu certifik\u00e1tov\u00fd program skl\u00e1d\u00e1 nebo p\u0159edchoz\u00edho \u00fasp\u011b\u0161n\u011b ukon\u010den\u00e9ho bakal\u00e1\u0159sk\u00e9ho studia, na kter\u00e9 toto hlavn\u00ed studium navazuje.<\/p>\n<p><strong><u>Metody:<\/u><\/strong><\/p>\n<ul>\n<li>P\u0159edn\u00e1\u0161ky<\/li>\n<li>P\u0159edn\u00e1\u0161ky s\u00a0diskus\u00ed<\/li>\n<li>Cvi\u010den\u00ed<\/li>\n<li>Semin\u00e1\u0159<\/li>\n<\/ul>\n<p><strong><u>Z\u00e1v\u011bre\u010dn\u00e1 zkou\u0161ka<\/u><\/strong><\/p>\n<ul>\n<li>Student, kter\u00fd absolvoval v\u0161echny povinn\u00e9 p\u0159edm\u011bty a z\u00edskal stanoven\u00fd po\u010det kredit\u016f z\u00a0p\u0159edm\u011bt\u016f povinn\u011b voliteln\u00fdch, bude opr\u00e1vn\u011bn p\u0159ihl\u00e1sit se na z\u00e1v\u011bre\u010dnou zkou\u0161ku.<\/li>\n<li>Zkou\u0161ka bude \u00fastn\u00ed a bude prob\u00edhat p\u0159ed komis\u00ed na n\u011bkter\u00e9 z\u00a0t\u00e9mat, kter\u00e9 budou pr\u016f\u0159ezov\u011b zahrnovat obsah studovan\u00fdch p\u0159edm\u011bt\u016f i programu jako takov\u00e9ho.<\/li>\n<\/ul>\n","protected":false},"excerpt":{"rendered":"<p>Po\u017eadavky na studenta: \u00dasp\u011b\u0161n\u011b absolvovat v\u0161echny povinn\u00e9 p\u0159edm\u011bty a p\u0159edepsan\u00fd po\u010det kredit\u016f z\u00a0p\u0159edm\u011bt\u016f povinn\u011b voliteln\u00fdch. Do voliteln\u00fdch p\u0159edm\u011bt\u016f certifik\u00e1tov\u00e9ho programu nelze zahrnout p\u0159edm\u011bty, kter\u00e9 m\u00e1 student jako povinn\u00e9 nebo povinn\u011b voliteln\u00e9 ve studijn\u00edm pl\u00e1nu hlavn\u00edho studia, ke kter\u00e9mu certifik\u00e1tov\u00fd program skl\u00e1d\u00e1 nebo p\u0159edchoz\u00edho \u00fasp\u011b\u0161n\u011b ukon\u010den\u00e9ho bakal\u00e1\u0159sk\u00e9ho studia, na kter\u00e9 toto hlavn\u00ed studium navazuje. Metody: P\u0159edn\u00e1\u0161ky &hellip; <\/p>\n<p class=\"link-more\"><a href=\"https:\/\/drony.zcu.cz\/index.php\/podminky\/\" class=\"more-link\">Pokra\u010dovat ve \u010dten\u00ed<span class=\"screen-reader-text\"> &#8222;Podm\u00ednky&#8220;<\/span><\/a><\/p>\n","protected":false},"author":2,"featured_media":0,"parent":0,"menu_order":0,"comment_status":"closed","ping_status":"closed","template":"","meta":{"footnotes":""},"class_list":["post-11","page","type-page","status-publish","hentry"],"_links":{"self":[{"href":"https:\/\/drony.zcu.cz\/index.php\/wp-json\/wp\/v2\/pages\/11"}],"collection":[{"href":"https:\/\/drony.zcu.cz\/index.php\/wp-json\/wp\/v2\/pages"}],"about":[{"href":"https:\/\/drony.zcu.cz\/index.php\/wp-json\/wp\/v2\/types\/page"}],"author":[{"embeddable":true,"href":"https:\/\/drony.zcu.cz\/index.php\/wp-json\/wp\/v2\/users\/2"}],"replies":[{"embeddable":true,"href":"https:\/\/drony.zcu.cz\/index.php\/wp-json\/wp\/v2\/comments?post=11"}],"version-history":[{"count":4,"href":"https:\/\/drony.zcu.cz\/index.php\/wp-json\/wp\/v2\/pages\/11\/revisions"}],"predecessor-version":[{"id":34,"href":"https:\/\/drony.zcu.cz\/index.php\/wp-json\/wp\/v2\/pages\/11\/revisions\/34"}],"wp:attachment":[{"href":"https:\/\/drony.zcu.cz\/index.php\/wp-json\/wp\/v2\/media?parent=11"}],"curies":[{"name":"wp","href":"https:\/\/api.w.org\/{rel}","templated":true}]}}